{"id":83,"date":"2025-06-30T10:09:43","date_gmt":"2025-06-30T10:09:43","guid":{"rendered":"https:\/\/brockenhauswallisellen.ch\/product\/everest-series\/"},"modified":"2025-08-07T23:33:06","modified_gmt":"2025-08-07T23:33:06","slug":"everest-series","status":"publish","type":"product","link":"https:\/\/brockenhauswallisellen.ch\/fr\/produit\/everest-series\/","title":{"rendered":"Everest Series"},"content":{"rendered":"<p>Nomm\u00e9e d'apr\u00e8s le mont Everest, le plus haut sommet du monde, cette s\u00e9rie est synonyme de qualit\u00e9 et de performances exceptionnelles. Id\u00e9ale pour les produits phares qui incarnent le meilleur en mati\u00e8re de technologie, d'innovation et de design, la s\u00e9rie Everest symbolise l'atteinte des normes de qualit\u00e9 les plus \u00e9lev\u00e9es.<\/p>","protected":false},"excerpt":{"rendered":"<p>Pour vos produits haut de gamme ou phares. Le mont Everest est la plus haute montagne du monde et symbolise le summum de la qualit\u00e9 ou de la performance.<\/p>","protected":false},"featured_media":82,"comment_status":"open","ping_status":"closed","template":"","meta":{"give_campaign_id":0,"om_disable_all_campaigns":false,"_monsterinsights_skip_tracking":false,"_monsterinsights_sitenote_active":false,"_monsterinsights_sitenote_note":"","_monsterinsights_sitenote_category":0,"_price":"84.99","_stock":"","_tribe_ticket_header":"","_tribe_default_ticket_provider":"","_tribe_ticket_capacity":"0","_ticket_start_date":"","_ticket_end_date":"","_tribe_ticket_show_description":"","_tribe_ticket_show_not_going":false,"_tribe_ticket_use_global_stock":"","_tribe_ticket_global_stock_level":"","_global_stock_mode":"","_global_stock_cap":"","_tribe_rsvp_for_event":"","_tribe_ticket_going_count":"","_tribe_ticket_not_going_count":"","_tribe_tickets_list":"[]","_tribe_ticket_has_attendee_info_fields":false,"_kadence_starter_templates_imported_post":true,"_kad_post_transparent":"default","_kad_post_title":"","_kad_post_layout":"default","_kad_post_sidebar_id":"","_kad_post_content_style":"default","_kad_post_vertical_padding":"default","_kad_post_feature":"","_kad_post_feature_position":"","_kad_post_header":false,"_kad_post_footer":false,"_glsr_average":0,"_glsr_ranking":0,"_glsr_reviews":0},"product_brand":[],"product_cat":[22],"product_tag":[],"class_list":{"0":"post-83","1":"product","2":"type-product","3":"status-publish","4":"has-post-thumbnail","6":"product_cat-simple-types","8":"first","9":"instock","10":"shipping-taxable","11":"purchasable","12":"product-type-simple","13":"entry","14":"content-bg","15":"loop-entry"},"aioseo_notices":[],"_links":{"self":[{"href":"https:\/\/brockenhauswallisellen.ch\/fr\/wp-json\/wp\/v2\/product\/83","targetHints":{"allow":["GET"]}}],"collection":[{"href":"https:\/\/brockenhauswallisellen.ch\/fr\/wp-json\/wp\/v2\/product"}],"about":[{"href":"https:\/\/brockenhauswallisellen.ch\/fr\/wp-json\/wp\/v2\/types\/product"}],"replies":[{"embeddable":true,"href":"https:\/\/brockenhauswallisellen.ch\/fr\/wp-json\/wp\/v2\/comments?post=83"}],"wp:featuredmedia":[{"embeddable":true,"href":"https:\/\/brockenhauswallisellen.ch\/fr\/wp-json\/wp\/v2\/media\/82"}],"wp:attachment":[{"href":"https:\/\/brockenhauswallisellen.ch\/fr\/wp-json\/wp\/v2\/media?parent=83"}],"wp:term":[{"taxonomy":"product_brand","embeddable":true,"href":"https:\/\/brockenhauswallisellen.ch\/fr\/wp-json\/wp\/v2\/product_brand?post=83"},{"taxonomy":"product_cat","embeddable":true,"href":"https:\/\/brockenhauswallisellen.ch\/fr\/wp-json\/wp\/v2\/product_cat?post=83"},{"taxonomy":"product_tag","embeddable":true,"href":"https:\/\/brockenhauswallisellen.ch\/fr\/wp-json\/wp\/v2\/product_tag?post=83"}],"curies":[{"name":"wp","href":"https:\/\/api.w.org\/{rel}","templated":true}]}}